{"id":11,"date":"2025-06-25T05:47:06","date_gmt":"2025-06-25T05:47:06","guid":{"rendered":"https:\/\/familium.rent\/coworking\/?page_id=11"},"modified":"2025-07-08T01:01:37","modified_gmt":"2025-07-08T01:01:37","slug":"el-espacio","status":"publish","type":"page","link":"https:\/\/familium.rent\/coworking\/el-espacio\/","title":{"rendered":"El espacio"},"content":{"rendered":"\n<p>Reciba a sus clientes en el mejor lugar posible.<\/p>\n\n\n\n<p>Nuestro centro estar\u00e1 dividido en 5 salas, con un \u00e1rea de 20 a 30 m\u00b2 cada una, y un alto est\u00e1ndar de calidad, adecuado para atender c\u00f3modamente una familia.<\/p>\n\n\n\n<p>Sala de espera de gran comfort, con bebidas de cortes\u00eda y libros de arte, para que sus clientes no sufran el tedio de una espera tipo oficina burocr\u00e1tica, sino el goce de un <em>lounge<\/em> de primera clase.<\/p>\n\n\n\n<p>Un recepcionista presente todo el tiempo se asegurar\u00e1 de orientar a todos sus clientes y de que su experiencia sea la mejor.<\/p>\n\n\n\n<p>Todo estar\u00e1 hecho para asegurarnos de convertir cada visita en una experiencia memorable, reforzando la percepci\u00f3n de excelencia, que sus clientes asociar\u00e1n a la pr\u00e1ctica profesional de usted. Esto es el toque de sofisticaci\u00f3n que ni el gen\u00e9rico &#8220;consultorio por hora&#8221; ni la oficina t\u00edpica pueden ofrecer, y que diferenciar\u00e1 sus servicios de los de un profesional promedio.<\/p>\n","protected":false},"excerpt":{"rendered":"<p>Reciba a sus clientes en el mejor lugar posible. Nuestro centro estar\u00e1 dividido en 5 salas, con un \u00e1rea de 20 a 30 m\u00b2 cada una, y un alto est\u00e1ndar de calidad, adecuado para atender c\u00f3modamente una familia. Sala de espera de gran comfort, con bebidas de cortes\u00eda y libros de arte, para que sus [&hellip;]<\/p>\n","protected":false},"author":1,"featured_media":0,"parent":0,"menu_order":0,"comment_status":"closed","ping_status":"closed","template":"","meta":{"footnotes":""},"class_list":["post-11","page","type-page","status-publish","hentry"],"_links":{"self":[{"href":"https:\/\/familium.rent\/coworking\/wp-json\/wp\/v2\/pages\/11","targetHints":{"allow":["GET"]}}],"collection":[{"href":"https:\/\/familium.rent\/coworking\/wp-json\/wp\/v2\/pages"}],"about":[{"href":"https:\/\/familium.rent\/coworking\/wp-json\/wp\/v2\/types\/page"}],"author":[{"embeddable":true,"href":"https:\/\/familium.rent\/coworking\/wp-json\/wp\/v2\/users\/1"}],"replies":[{"embeddable":true,"href":"https:\/\/familium.rent\/coworking\/wp-json\/wp\/v2\/comments?post=11"}],"version-history":[{"count":10,"href":"https:\/\/familium.rent\/coworking\/wp-json\/wp\/v2\/pages\/11\/revisions"}],"predecessor-version":[{"id":78,"href":"https:\/\/familium.rent\/coworking\/wp-json\/wp\/v2\/pages\/11\/revisions\/78"}],"wp:attachment":[{"href":"https:\/\/familium.rent\/coworking\/wp-json\/wp\/v2\/media?parent=11"}],"curies":[{"name":"wp","href":"https:\/\/api.w.org\/{rel}","templated":true}]}}