{"id":26,"date":"2025-06-26T23:13:27","date_gmt":"2025-06-26T23:13:27","guid":{"rendered":"https:\/\/familium.rent\/coworking\/?page_id=26"},"modified":"2025-07-08T00:16:39","modified_gmt":"2025-07-08T00:16:39","slug":"la-ubicacion","status":"publish","type":"page","link":"https:\/\/familium.rent\/coworking\/la-ubicacion\/","title":{"rendered":"La ubicaci\u00f3n"},"content":{"rendered":"\n<p>Una ubicaci\u00f3n prestigiosa reforzar\u00e1 la experiencia premium que merecen usted al trabajar, y sus clientes al ir a su consulta. Nosotros nos aseguraremos de que ese lugar sea el adecuado. La direcci\u00f3n definitiva se anunciar\u00e1 unas semanas antes de la inauguraci\u00f3n, no es posible revelarlo antes, por cuestiones de negociaci\u00f3n con el arrendador. Pero podemos adelantar que, ser\u00e1 en un edificio de oficinas de alto nivel, en uno de los barrios m\u00e1s ic\u00f3nicos de la Ciudad de M\u00e9xico, con acceso inmediato a v\u00edas principales.<\/p>\n\n\n\n<p>Pero no permita que este detalle le impida postularse ahora. Nosotros le comunicaremos la ubicaci\u00f3n tan pronto como sea posible, y una postulaci\u00f3n temprana le dar\u00e1 mayor prioridad y una respuesta m\u00e1s pronta.<\/p>\n","protected":false},"excerpt":{"rendered":"<p>Una ubicaci\u00f3n prestigiosa reforzar\u00e1 la experiencia premium que merecen usted al trabajar, y sus clientes al ir a su consulta. Nosotros nos aseguraremos de que ese lugar sea el adecuado. La direcci\u00f3n definitiva se anunciar\u00e1 unas semanas antes de la inauguraci\u00f3n, no es posible revelarlo antes, por cuestiones de negociaci\u00f3n con el arrendador. Pero podemos [&hellip;]<\/p>\n","protected":false},"author":1,"featured_media":0,"parent":0,"menu_order":0,"comment_status":"closed","ping_status":"closed","template":"","meta":{"footnotes":""},"class_list":["post-26","page","type-page","status-publish","hentry"],"_links":{"self":[{"href":"https:\/\/familium.rent\/coworking\/wp-json\/wp\/v2\/pages\/26","targetHints":{"allow":["GET"]}}],"collection":[{"href":"https:\/\/familium.rent\/coworking\/wp-json\/wp\/v2\/pages"}],"about":[{"href":"https:\/\/familium.rent\/coworking\/wp-json\/wp\/v2\/types\/page"}],"author":[{"embeddable":true,"href":"https:\/\/familium.rent\/coworking\/wp-json\/wp\/v2\/users\/1"}],"replies":[{"embeddable":true,"href":"https:\/\/familium.rent\/coworking\/wp-json\/wp\/v2\/comments?post=26"}],"version-history":[{"count":5,"href":"https:\/\/familium.rent\/coworking\/wp-json\/wp\/v2\/pages\/26\/revisions"}],"predecessor-version":[{"id":65,"href":"https:\/\/familium.rent\/coworking\/wp-json\/wp\/v2\/pages\/26\/revisions\/65"}],"wp:attachment":[{"href":"https:\/\/familium.rent\/coworking\/wp-json\/wp\/v2\/media?parent=26"}],"curies":[{"name":"wp","href":"https:\/\/api.w.org\/{rel}","templated":true}]}}