{"id":34,"date":"2025-06-27T00:31:46","date_gmt":"2025-06-27T00:31:46","guid":{"rendered":"https:\/\/familium.rent\/coworking\/?page_id=34"},"modified":"2025-07-08T00:49:27","modified_gmt":"2025-07-08T00:49:27","slug":"el-concepto","status":"publish","type":"page","link":"https:\/\/familium.rent\/coworking\/el-concepto\/","title":{"rendered":"El concepto"},"content":{"rendered":"\n<p>Familium es un centro de <em>coworking<\/em> especializado que renta espacios de alto nivel, con servicios de mercadotecnia y publicidad incluidos, exclusivamente para psic\u00f3logos y profesionales de la familia. Nuestro modelo permite ejercer en consultorios de calidad superior, bajo un esquema flexible y sin las obligaciones de una renta fija tradicional.<\/p>\n\n\n\n<p>Al formar parte de Familium, usted contar\u00e1 con una infraestructura elegante, atenci\u00f3n profesional a sus clientes y presencia destacada en nuestras campa\u00f1as de mercadotecnia. Nos ocupamos de atraerle y canalizarle clientes potenciales reales, de manera que usted pueda concentrarse \u00fanicamente en su pr\u00e1ctica.<\/p>\n\n\n\n<p>M\u00e1s que oficinas: Familium es una marca colectiva que cuida su reputaci\u00f3n y proyecta un est\u00e1ndar de excelencia dif\u00edcil de alcanzar en solitario. Aqu\u00ed, la independencia profesional se combina con el respaldo institucional.<\/p>\n","protected":false},"excerpt":{"rendered":"<p>Familium es un centro de coworking especializado que renta espacios de alto nivel, con servicios de mercadotecnia y publicidad incluidos, exclusivamente para psic\u00f3logos y profesionales de la familia. Nuestro modelo permite ejercer en consultorios de calidad superior, bajo un esquema flexible y sin las obligaciones de una renta fija tradicional. Al formar parte de Familium, [&hellip;]<\/p>\n","protected":false},"author":1,"featured_media":0,"parent":0,"menu_order":0,"comment_status":"closed","ping_status":"closed","template":"","meta":{"footnotes":""},"class_list":["post-34","page","type-page","status-publish","hentry"],"_links":{"self":[{"href":"https:\/\/familium.rent\/coworking\/wp-json\/wp\/v2\/pages\/34","targetHints":{"allow":["GET"]}}],"collection":[{"href":"https:\/\/familium.rent\/coworking\/wp-json\/wp\/v2\/pages"}],"about":[{"href":"https:\/\/familium.rent\/coworking\/wp-json\/wp\/v2\/types\/page"}],"author":[{"embeddable":true,"href":"https:\/\/familium.rent\/coworking\/wp-json\/wp\/v2\/users\/1"}],"replies":[{"embeddable":true,"href":"https:\/\/familium.rent\/coworking\/wp-json\/wp\/v2\/comments?post=34"}],"version-history":[{"count":5,"href":"https:\/\/familium.rent\/coworking\/wp-json\/wp\/v2\/pages\/34\/revisions"}],"predecessor-version":[{"id":74,"href":"https:\/\/familium.rent\/coworking\/wp-json\/wp\/v2\/pages\/34\/revisions\/74"}],"wp:attachment":[{"href":"https:\/\/familium.rent\/coworking\/wp-json\/wp\/v2\/media?parent=34"}],"curies":[{"name":"wp","href":"https:\/\/api.w.org\/{rel}","templated":true}]}}