{"id":8,"date":"2025-06-25T05:46:56","date_gmt":"2025-06-25T05:46:56","guid":{"rendered":"https:\/\/familium.rent\/coworking\/?page_id=8"},"modified":"2025-07-08T00:56:06","modified_gmt":"2025-07-08T00:56:06","slug":"homepage","status":"publish","type":"page","link":"https:\/\/familium.rent\/coworking\/","title":{"rendered":"Familium"},"content":{"rendered":"\n<p>El coworking de los profesionales de la familia.<\/p>\n\n\n\n<p>Familium, renta consultorios de alto nivel, con servicios de mercadotecnia y publicidad incluidos, para psic\u00f3logos y profesionales de la familia.<\/p>\n\n\n\n<p>Trabaje en un lugar en el que cada detalle est\u00e1 concebido con el encanto y la grandeza que merecen usted y sus clientes. Labore tranquilamente, enfocado en su profesi\u00f3n, manteniendo su independencia, y controlando sus propios precios&#8230; Nosotros nos encargamos de lo dem\u00e1s.<\/p>\n","protected":false},"excerpt":{"rendered":"<p>El coworking de los profesionales de la familia. Familium, renta consultorios de alto nivel, con servicios de mercadotecnia y publicidad incluidos, para psic\u00f3logos y profesionales de la familia. Trabaje en un lugar en el que cada detalle est\u00e1 concebido con el encanto y la grandeza que merecen usted y sus clientes. Labore tranquilamente, enfocado en [&hellip;]<\/p>\n","protected":false},"author":1,"featured_media":0,"parent":0,"menu_order":0,"comment_status":"closed","ping_status":"closed","template":"","meta":{"footnotes":""},"class_list":["post-8","page","type-page","status-publish","hentry"],"_links":{"self":[{"href":"https:\/\/familium.rent\/coworking\/wp-json\/wp\/v2\/pages\/8","targetHints":{"allow":["GET"]}}],"collection":[{"href":"https:\/\/familium.rent\/coworking\/wp-json\/wp\/v2\/pages"}],"about":[{"href":"https:\/\/familium.rent\/coworking\/wp-json\/wp\/v2\/types\/page"}],"author":[{"embeddable":true,"href":"https:\/\/familium.rent\/coworking\/wp-json\/wp\/v2\/users\/1"}],"replies":[{"embeddable":true,"href":"https:\/\/familium.rent\/coworking\/wp-json\/wp\/v2\/comments?post=8"}],"version-history":[{"count":10,"href":"https:\/\/familium.rent\/coworking\/wp-json\/wp\/v2\/pages\/8\/revisions"}],"predecessor-version":[{"id":76,"href":"https:\/\/familium.rent\/coworking\/wp-json\/wp\/v2\/pages\/8\/revisions\/76"}],"wp:attachment":[{"href":"https:\/\/familium.rent\/coworking\/wp-json\/wp\/v2\/media?parent=8"}],"curies":[{"name":"wp","href":"https:\/\/api.w.org\/{rel}","templated":true}]}}